{"id":125,"date":"2013-09-20T21:44:09","date_gmt":"2013-09-20T21:44:09","guid":{"rendered":"http:\/\/heimatbund.wuelfingen.de\/?page_id=125"},"modified":"2013-09-20T21:44:09","modified_gmt":"2013-09-20T21:44:09","slug":"wasserwerk-poppenburg","status":"publish","type":"page","link":"https:\/\/wuelfingen.de\/heimatbund\/?page_id=125","title":{"rendered":"Wasserwerk Poppenburg"},"content":{"rendered":"<p>W\u00fclfinger zu sein, hatte f\u00fcr die Bewohner dieses Elzer Ortsteiles schon immer eine hohe Bedeutung gehabt. So gro\u00df war schon ihr Stolz in der Vergangenheit, dass sie sich mit Erfolg lange Zeit dagegen wehren konnten, dass ihnen w\u00f6rtlich genommen das Wasser abgegraben wurde.<\/p>\n<p>Zu Beginn des 20. Jahrhunderts bem\u00fchte sich die Stadt Hildesheim darum, im Leinetal Trinkwasser zu finden. Der Widerstand der W\u00fclfinger war gro\u00df. Man verweigerte den Hildesheimern das Befahren W\u00fclfinger Feldwege. Als das Wasserwerk im Jahre1910 an der Gemarkungsgrenze, allerdings auf Poppenburger Grund und Boden errichtet worden war, bot die Stadt Hildesheim an, eine Leitung in das Dorf zu legen und den W\u00fclfingern kostenlos Wasser zu liefern.<\/p>\n<p>Der Gemeindeausschuss lehnte das Angebot ab. Erst seit dem Jahre 1955 gab es einen Leitungsanschlu\u00df. Nun mu\u00dfte das Wasser aber nat\u00fcrlich bezahlt werden. Inzwischen arbeitet das Wasserwerk nicht mehr. Der Maschinenraum steht leer. Das im jugendstil gebaute Haus blieb aber als denkmalgesch\u00fctztes Baudenkmal erhalten.<\/p>\n","protected":false},"excerpt":{"rendered":"<p>W\u00fclfinger zu sein, hatte f\u00fcr die Bewohner dieses Elzer Ortsteiles schon immer eine hohe Bedeutung gehabt. So gro\u00df war schon ihr Stolz in der Vergangenheit, dass sie sich mit Erfolg lange Zeit dagegen wehren konnten, dass ihnen w\u00f6rtlich genommen das Wasser abgegraben wurde. Zu Beginn des 20. Jahrhunderts bem\u00fchte sich die Stadt Hildesheim darum, im [&hellip;]<\/p>\n","protected":false},"author":1,"featured_media":0,"parent":0,"menu_order":0,"comment_status":"closed","ping_status":"closed","template":"","meta":{"footnotes":""},"class_list":["post-125","page","type-page","status-publish","hentry"],"_links":{"self":[{"href":"https:\/\/wuelfingen.de\/heimatbund\/index.php?rest_route=\/wp\/v2\/pages\/125","targetHints":{"allow":["GET"]}}],"collection":[{"href":"https:\/\/wuelfingen.de\/heimatbund\/index.php?rest_route=\/wp\/v2\/pages"}],"about":[{"href":"https:\/\/wuelfingen.de\/heimatbund\/index.php?rest_route=\/wp\/v2\/types\/page"}],"author":[{"embeddable":true,"href":"https:\/\/wuelfingen.de\/heimatbund\/index.php?rest_route=\/wp\/v2\/users\/1"}],"replies":[{"embeddable":true,"href":"https:\/\/wuelfingen.de\/heimatbund\/index.php?rest_route=%2Fwp%2Fv2%2Fcomments&post=125"}],"version-history":[{"count":1,"href":"https:\/\/wuelfingen.de\/heimatbund\/index.php?rest_route=\/wp\/v2\/pages\/125\/revisions"}],"predecessor-version":[{"id":126,"href":"https:\/\/wuelfingen.de\/heimatbund\/index.php?rest_route=\/wp\/v2\/pages\/125\/revisions\/126"}],"wp:attachment":[{"href":"https:\/\/wuelfingen.de\/heimatbund\/index.php?rest_route=%2Fwp%2Fv2%2Fmedia&parent=125"}],"curies":[{"name":"wp","href":"https:\/\/api.w.org\/{rel}","templated":true}]}}