{"id":18,"date":"2013-09-05T15:37:22","date_gmt":"2013-09-05T15:37:22","guid":{"rendered":"http:\/\/heimatbund.wuelfingen.de\/?page_id=18"},"modified":"2013-09-09T14:26:02","modified_gmt":"2013-09-09T14:26:02","slug":"uber-wulfingen","status":"publish","type":"page","link":"https:\/\/wuelfingen.de\/heimatbund\/?page_id=18","title":{"rendered":"Infos \u00fcber W\u00fclfingen"},"content":{"rendered":"<p>W\u00fclfingen ist ein Stadtteil der Stadt Elze und\u00a0liegt\u00a0im Westen des Landkreises Hildesheim an der Landesstra\u00dfe 461 und der B3.<\/p>\n","protected":false},"excerpt":{"rendered":"<p>W\u00fclfingen ist ein Stadtteil der Stadt Elze und\u00a0liegt\u00a0im Westen des Landkreises Hildesheim an der Landesstra\u00dfe 461 und der B3.<\/p>\n","protected":false},"author":2,"featured_media":0,"parent":0,"menu_order":0,"comment_status":"closed","ping_status":"closed","template":"","meta":{"footnotes":""},"class_list":["post-18","page","type-page","status-publish","hentry"],"_links":{"self":[{"href":"https:\/\/wuelfingen.de\/heimatbund\/index.php?rest_route=\/wp\/v2\/pages\/18","targetHints":{"allow":["GET"]}}],"collection":[{"href":"https:\/\/wuelfingen.de\/heimatbund\/index.php?rest_route=\/wp\/v2\/pages"}],"about":[{"href":"https:\/\/wuelfingen.de\/heimatbund\/index.php?rest_route=\/wp\/v2\/types\/page"}],"author":[{"embeddable":true,"href":"https:\/\/wuelfingen.de\/heimatbund\/index.php?rest_route=\/wp\/v2\/users\/2"}],"replies":[{"embeddable":true,"href":"https:\/\/wuelfingen.de\/heimatbund\/index.php?rest_route=%2Fwp%2Fv2%2Fcomments&post=18"}],"version-history":[{"count":3,"href":"https:\/\/wuelfingen.de\/heimatbund\/index.php?rest_route=\/wp\/v2\/pages\/18\/revisions"}],"predecessor-version":[{"id":21,"href":"https:\/\/wuelfingen.de\/heimatbund\/index.php?rest_route=\/wp\/v2\/pages\/18\/revisions\/21"}],"wp:attachment":[{"href":"https:\/\/wuelfingen.de\/heimatbund\/index.php?rest_route=%2Fwp%2Fv2%2Fmedia&parent=18"}],"curies":[{"name":"wp","href":"https:\/\/api.w.org\/{rel}","templated":true}]}}