{"id":22,"date":"2013-09-05T15:42:01","date_gmt":"2013-09-05T15:42:01","guid":{"rendered":"http:\/\/heimatbund.wuelfingen.de\/?page_id=22"},"modified":"2013-09-05T15:42:01","modified_gmt":"2013-09-05T15:42:01","slug":"aus-der-vor-und-fruhgeschichte","status":"publish","type":"page","link":"https:\/\/wuelfingen.de\/heimatbund\/?page_id=22","title":{"rendered":"Aus der Vor- und Fr\u00fchgeschichte"},"content":{"rendered":"<p>Der Ursprung W\u00fclfingens liegt in nebelgrauer Vorzeit. Keine Urkunde kann uns \u00fcber die Entstehung berichten. Nur mit Hilfe der Ortsnamensforschung ist es m\u00f6glich, einen Anhalt \u00fcber das ungef\u00e4hre Alter und den Namen unseres Heimatortes zu finden.<\/p>\n<p>Eingereiht in die Gruppe der Siedlungen mit der Endung \u201e&#8230;.ingen\u201c ist W\u00fclfingen ein sehr altes Dorf. Entstanden durch die Gr\u00fcndung einer Sippe, die zur\u00fcckreicht in die Zeit, in der nach altgermanischer Weise die Familie oder Sippe noch gesondert wohnte. Der Ahnherr ist der Wulf oder hochdeutsch der Wolf gewesen.<\/p>\n<p>\u00c4ltere Schreibweisen des Namen sind Wuluinge, Wluinge, Wolfingen, W\u00fclfingen. In der W\u00fclfinger Feldmark sind von Zollamtmann i.R. Leopold Lutter zahlreiche Funde aus der mittleren Steinzeit (18000 bis 5000 v. Chr.) und aus der j\u00fcngsten Steinzeit (5000 bis 1200 v. Chr.) wie Stein\u00e4xte, Steinbeile, Urnen, Spinnwirtel, und Feuersteinklingen gemacht worden.<\/p>\n<p>Ferner sind von Leopold Lutter in der rinneschen Kiesgrube am ehemaligen Weghaus noch ein Schwert und eine Lanzen- oder Speerspitze aus der Bronzezeit ( 800 v. Chr.) gefunden worden. Diese beiden St\u00fccke wurden dem Landesmuseum \u00fcbergeben und nach Ansicht von Herrn Dr. Schroller seltene Funde.<\/p>\n","protected":false},"excerpt":{"rendered":"<p>Der Ursprung W\u00fclfingens liegt in nebelgrauer Vorzeit. Keine Urkunde kann uns \u00fcber die Entstehung berichten. Nur mit Hilfe der Ortsnamensforschung ist es m\u00f6glich, einen Anhalt \u00fcber das ungef\u00e4hre Alter und den Namen unseres Heimatortes zu finden. Eingereiht in die Gruppe der Siedlungen mit der Endung \u201e&#8230;.ingen\u201c ist W\u00fclfingen ein sehr altes Dorf. Entstanden durch die [&hellip;]<\/p>\n","protected":false},"author":2,"featured_media":0,"parent":0,"menu_order":0,"comment_status":"closed","ping_status":"closed","template":"","meta":{"footnotes":""},"class_list":["post-22","page","type-page","status-publish","hentry"],"_links":{"self":[{"href":"https:\/\/wuelfingen.de\/heimatbund\/index.php?rest_route=\/wp\/v2\/pages\/22","targetHints":{"allow":["GET"]}}],"collection":[{"href":"https:\/\/wuelfingen.de\/heimatbund\/index.php?rest_route=\/wp\/v2\/pages"}],"about":[{"href":"https:\/\/wuelfingen.de\/heimatbund\/index.php?rest_route=\/wp\/v2\/types\/page"}],"author":[{"embeddable":true,"href":"https:\/\/wuelfingen.de\/heimatbund\/index.php?rest_route=\/wp\/v2\/users\/2"}],"replies":[{"embeddable":true,"href":"https:\/\/wuelfingen.de\/heimatbund\/index.php?rest_route=%2Fwp%2Fv2%2Fcomments&post=22"}],"version-history":[{"count":2,"href":"https:\/\/wuelfingen.de\/heimatbund\/index.php?rest_route=\/wp\/v2\/pages\/22\/revisions"}],"predecessor-version":[{"id":26,"href":"https:\/\/wuelfingen.de\/heimatbund\/index.php?rest_route=\/wp\/v2\/pages\/22\/revisions\/26"}],"wp:attachment":[{"href":"https:\/\/wuelfingen.de\/heimatbund\/index.php?rest_route=%2Fwp%2Fv2%2Fmedia&parent=22"}],"curies":[{"name":"wp","href":"https:\/\/api.w.org\/{rel}","templated":true}]}}