{"id":25,"date":"2016-02-01T15:40:42","date_gmt":"2016-02-01T15:40:42","guid":{"rendered":"http:\/\/heimatbund.wuelfingen.de\/?page_id=25"},"modified":"2018-05-23T16:09:06","modified_gmt":"2018-05-23T16:09:06","slug":"impressum","status":"publish","type":"page","link":"https:\/\/wuelfingen.de\/heimatbund\/?page_id=25","title":{"rendered":"Impressum \/ Datenschutz"},"content":{"rendered":"<p>Diese Webseite ist ein Informationsangebot vom<br \/>\nHeimatbund Niedersachsen e.V.<br \/>\nOrtsgruppe W\u00fclfingen<br \/>\n31008 Elze<br \/>\nzum Zweck der \u00d6ffentlichkeitsarbeit.<\/p>\n<p>Verantwortlich f\u00fcr den Inhalt ist der Heimatbund W\u00fclfingen<br \/>\n<b>vertreten durch<\/b>\u00a0den\u00a0Vorsitzenden der\u00a0Ortsgruppe<br \/>\nWalter Heuer<br \/>\nLeinestrasse 12<br \/>\n31008 Elze &#8211; W\u00fclfingen<br \/>\n<a href=\"http:\/\/heimatbund.wuelfingen.de\/wp-content\/uploads\/2018\/05\/ml_whr-2.jpg\"><img loading=\"lazy\" decoding=\"async\" class=\"alignnone size-full wp-image-511\" src=\"http:\/\/heimatbund.wuelfingen.de\/wp-content\/uploads\/2018\/05\/ml_whr-2.jpg\" alt=\"\" width=\"156\" height=\"16\" srcset=\"https:\/\/wuelfingen.de\/heimatbund\/wp-content\/uploads\/2018\/05\/ml_whr-2.jpg 156w, https:\/\/wuelfingen.de\/heimatbund\/wp-content\/uploads\/2018\/05\/ml_whr-2-150x16.jpg 150w\" sizes=\"auto, (max-width: 156px) 100vw, 156px\" \/><\/a><\/p>\n<p>Im Jahr 1933 gegr\u00fcndet z\u00e4hlt die Ortsgruppe W\u00fclfingen z.Zt. \u00fcber 70 Mitglieder.<br \/>\nZiel des unseres Vereins ist der Naturschutz, die Denkmalpflege und Weiterf\u00fchrung der Dorfchronik.<\/p>\n<p>Haben Sie Fragen oder Anmerkungen zu den Inhalten dieser Seite ?<br \/>\nDann schreiben Sie uns einfach eine E-Mail an <a href=\"http:\/\/heimatbund.wuelfingen.de\/wp-content\/uploads\/2018\/05\/ml_whr-2.jpg\"><img loading=\"lazy\" decoding=\"async\" class=\"alignnone size-full wp-image-511\" src=\"http:\/\/heimatbund.wuelfingen.de\/wp-content\/uploads\/2018\/05\/ml_whr-2.jpg\" alt=\"\" width=\"156\" height=\"16\" srcset=\"https:\/\/wuelfingen.de\/heimatbund\/wp-content\/uploads\/2018\/05\/ml_whr-2.jpg 156w, https:\/\/wuelfingen.de\/heimatbund\/wp-content\/uploads\/2018\/05\/ml_whr-2-150x16.jpg 150w\" sizes=\"auto, (max-width: 156px) 100vw, 156px\" \/><\/a>.<br \/>\n(Nur zur Kontaktaufnahme, keine personenbezogenen Daten)<\/p>\n<hr \/>\n<p><strong>Datenschutzerkl\u00e4rung<\/strong><\/p>\n<p><b>Allgemeines<\/b><br \/>\nDer\u00a0Heimatbund Niedersachsen e.V.,\u00a0Ortsgruppe W\u00fclfingen, <b>vertreten durch<\/b>\u00a0den\u00a0Vorsitzenden der\u00a0Ortsgruppe\u00a0Walter Heuer,\u00a0Leinestrasse 12,\u00a031008 Elze &#8211; W\u00fclfingen\u00a0betreibt diese Internetseite zu Zwecken der \u00d6ffentlichkeitsarbeit und informiert mit dieser Datenschutzerkl\u00e4rung \u00fcber die Datenverarbeitung im Rahmen dieser Internetseite.<br \/>\nZum Schutz pers\u00f6nlicher Daten werden diese auf Grundlage der gesetzlichen Bestimmungen wie der EU-Datenschutzgrundverordnung (DSGVO) und des Telemediengesetzes (TMG) verarbeitet.<\/p>\n<p><strong>Server-Log-Files<\/strong><br \/>\nEine Nutzung dieser Internetseite ist ohne Angabe von personenbezogenen Daten m\u00f6glich.\u00a0Unser Webseiten-Provider, die Strato AG in Berlin, erfasst und speichert ihre Seitenaufrufe automatisiert in so genannten Server-Log-Files, die Ihr Browser automatisch an uns \u00fcbermittelt. Diese sind:<br \/>\n&#8211; Browsertyp\/Browserversion<br \/>\n&#8211; verwendetes Betriebssystem<br \/>\n&#8211; Referrer-URL<br \/>\n&#8211; IP-Adresse\/Hostname<br \/>\n&#8211; Uhrzeit der Anfrage<br \/>\nDie Daten in den Server-Log Files sind nicht bestimmten Personen zuordnungsf\u00e4hig und eine Zusammenf\u00fchrung mit anderen Datenquellen wird nicht vorgenommen. Die IP-Adressen werden vom Webseiten-Provider zur Erkennung und Abwehr von Angriffen maximal sieben Tage gespeichert. Ein Abruf der IP-Adressen durch den Ortsgruppe W\u00fclfingen des Heimatbundes ist nicht m\u00f6glich.<\/p>\n<p><strong>Kontaktformular<\/strong><br \/>\nAuf einigen Seiten wie dem Kontaktformular haben sie die M\u00f6glichkeit uns Anmerkungen\/Anfragen zukommen zu lassen. Die von Ihnen dort freiwillig gemachten Eingaben mit auch personenbezogenen Daten wie z.B. Name, Mail-Adresse werden zur Bearbeitung ihrer Anfrage bei uns gespeichert. Diese Daten geben wir nicht ohne Ihre Zustimmung weiter und l\u00f6schen sie nach endg\u00fcltiger Beantwortung der Anfrage.<\/p>\n<p><strong>Links zu anderen Webseiten<\/strong><br \/>\nUnsere Internetseite enth\u00e4lt Links zu anderen Webseiten, auf deren Inhalt wir keinen Einfluss haben und wir daher f\u00fcr diese fremden Inhalte auch keine Gew\u00e4hr \u00fcbernehmen k\u00f6nnen. F\u00fcr diese Inhalte sind stets die jeweiligen Anbieter und Betreiber verantwortlich. Rechtswidrige Inhalte waren zum Zeitpunkt der Verlinkung jeweils nicht erkennbar. Bei Bekanntwerden von Rechtsverletzungen werden wir solche Links umgehend entfernen.<\/p>\n<p><strong>Nutzung von Cookies, Webanalysetools, Socialmedia-Plugins<\/strong><br \/>\nTeilweise verwenden Internetseiten so genannte Cookies, Webanalysetools und Socialmedia-Plugins, die dazu dienen Webseiten nutzerfreundlicher zu machen.<br \/>\nSie k\u00f6nnen Ihren Browser so einstellen, dass Sie \u00fcber das Setzen von Cookies informiert werden und dabei die Annahme im Einzelfall oder generell ausschlie\u00dfen sowie das automatische L\u00f6schen der Cookies beim Schlie\u00dfen des Browser aktivieren.<\/p>\n<p><strong>Ihre Rechte<\/strong><br \/>\nIm Rahmen der DSGVO steht Ihnen unter anderem das Recht auf Auskunft, Berichtigung, L\u00f6schung, Einschr\u00e4nkung, Daten\u00fcbertragbarkeit, Widerruf und Widerspruch zu.\u00a0Hierzu wenden Sie sich bitte an den Vorsitzenden der\u00a0Ortsgruppe W\u00fclfingen:<br \/>\nWalter Heuer<br \/>\nLeinestrasse 12<br \/>\n31008 Elze &#8211; W\u00fclfingen<br \/>\nMail: <a href=\"http:\/\/heimatbund.wuelfingen.de\/wp-content\/uploads\/2018\/05\/ml_whr-2.jpg\"><img loading=\"lazy\" decoding=\"async\" class=\"alignnone size-full wp-image-511\" src=\"http:\/\/heimatbund.wuelfingen.de\/wp-content\/uploads\/2018\/05\/ml_whr-2.jpg\" alt=\"\" width=\"156\" height=\"16\" srcset=\"https:\/\/wuelfingen.de\/heimatbund\/wp-content\/uploads\/2018\/05\/ml_whr-2.jpg 156w, https:\/\/wuelfingen.de\/heimatbund\/wp-content\/uploads\/2018\/05\/ml_whr-2-150x16.jpg 150w\" sizes=\"auto, (max-width: 156px) 100vw, 156px\" \/><\/a><br \/>\nWenn Sie vermuten, dass die Verarbeitung Ihrer Daten gegen das Datenschutzrecht verst\u00f6\u00dft oder Ihre datenschutzrechtlichen Anspr\u00fcche verletzt worden sind k\u00f6nnen Sie sich auch an den Landesdatenschutzbeauftragten wenden.<\/p>\n","protected":false},"excerpt":{"rendered":"<p>Diese Webseite ist ein Informationsangebot vom Heimatbund Niedersachsen e.V. Ortsgruppe W\u00fclfingen 31008 Elze zum Zweck der \u00d6ffentlichkeitsarbeit. Verantwortlich f\u00fcr den Inhalt ist der Heimatbund W\u00fclfingen vertreten durch\u00a0den\u00a0Vorsitzenden der\u00a0Ortsgruppe Walter Heuer Leinestrasse 12 31008 Elze &#8211; W\u00fclfingen Im Jahr 1933 gegr\u00fcndet z\u00e4hlt die Ortsgruppe W\u00fclfingen z.Zt. \u00fcber 70 Mitglieder. Ziel des unseres Vereins ist der Naturschutz, [&hellip;]<\/p>\n","protected":false},"author":1,"featured_media":0,"parent":0,"menu_order":0,"comment_status":"closed","ping_status":"closed","template":"","meta":{"footnotes":""},"class_list":["post-25","page","type-page","status-publish","hentry"],"_links":{"self":[{"href":"https:\/\/wuelfingen.de\/heimatbund\/index.php?rest_route=\/wp\/v2\/pages\/25","targetHints":{"allow":["GET"]}}],"collection":[{"href":"https:\/\/wuelfingen.de\/heimatbund\/index.php?rest_route=\/wp\/v2\/pages"}],"about":[{"href":"https:\/\/wuelfingen.de\/heimatbund\/index.php?rest_route=\/wp\/v2\/types\/page"}],"author":[{"embeddable":true,"href":"https:\/\/wuelfingen.de\/heimatbund\/index.php?rest_route=\/wp\/v2\/users\/1"}],"replies":[{"embeddable":true,"href":"https:\/\/wuelfingen.de\/heimatbund\/index.php?rest_route=%2Fwp%2Fv2%2Fcomments&post=25"}],"version-history":[{"count":9,"href":"https:\/\/wuelfingen.de\/heimatbund\/index.php?rest_route=\/wp\/v2\/pages\/25\/revisions"}],"predecessor-version":[{"id":512,"href":"https:\/\/wuelfingen.de\/heimatbund\/index.php?rest_route=\/wp\/v2\/pages\/25\/revisions\/512"}],"wp:attachment":[{"href":"https:\/\/wuelfingen.de\/heimatbund\/index.php?rest_route=%2Fwp%2Fv2%2Fmedia&parent=25"}],"curies":[{"name":"wp","href":"https:\/\/api.w.org\/{rel}","templated":true}]}}