{"id":37,"date":"2013-09-05T15:52:03","date_gmt":"2013-09-05T15:52:03","guid":{"rendered":"http:\/\/heimatbund.wuelfingen.de\/?page_id=37"},"modified":"2013-09-05T15:57:26","modified_gmt":"2013-09-05T15:57:26","slug":"zur-dorfgeschichte","status":"publish","type":"page","link":"https:\/\/wuelfingen.de\/heimatbund\/?page_id=37","title":{"rendered":"Zur Dorfgeschichte"},"content":{"rendered":"<p>Erstmals wurde W\u00fclfingen im Jahr 1175 mit Hermanus de Wulwinge in einer Urkunde des Bischofs von Hildesheim erw\u00e4hnt.<\/p>\n<p>Bis zum Ende des 16. Jahrhunderts ist die W\u00fclfinger Burg der Stammsitz des Geschlechtes der Bock von W\u00fclfingen gewesen. Danach wurde der Hauptsitz nach Elze und Bockerode verlegt.<\/p>\n<p>Zeugnisse von der Anwesenheit des Geschlechtes der Bock von W\u00fclfingen ist das Patronatsrecht, das Wappen der Familie und das Mousoleum.<br \/>\n(letzteres steht an der Leinestra\u00dfe Ortsausfahrt Richtung Burgstemmen)<\/p>\n<p>Die historischen Geb\u00e4ude und Pl\u00e4tze des Ortes haben wir mit Hinweistafeln versehen.<\/p>\n<ul>\n<li>die ehemalige Burg von W\u00fclfingen (bis 1643) und die \u00d6lm\u00fchle (erbaut 1611) beide Objekte in der -Klappe-,<\/li>\n<li>das Voigthaus -Im Kampe-,<\/li>\n<li>das Adlige Gericht -Im Teiche-,<\/li>\n<li>Am Thie in der &#8211; Leinestra\u00dfe-,<\/li>\n<li>dasBauertor -an der Friedhofsmauer-<\/li>\n<li>das Hirtenhaus -Calenbergerstra\u00dfe-<\/li>\n<li>Taternpfahl (1736) steht am 1910 erbauten Wasserwerk\u00a0 (heute ein Industriedenkmal)<\/li>\n<\/ul>\n<p>Die Geschichte des Dorfes W\u00fclfingen kann beim Heimatbund W\u00fclfingen erworben werden. z.B. bei\u00a0Egon Wieckhorst,\u00a031008 Elze.<\/p>\n","protected":false},"excerpt":{"rendered":"<p>Erstmals wurde W\u00fclfingen im Jahr 1175 mit Hermanus de Wulwinge in einer Urkunde des Bischofs von Hildesheim erw\u00e4hnt. Bis zum Ende des 16. Jahrhunderts ist die W\u00fclfinger Burg der Stammsitz des Geschlechtes der Bock von W\u00fclfingen gewesen. Danach wurde der Hauptsitz nach Elze und Bockerode verlegt. Zeugnisse von der Anwesenheit des Geschlechtes der Bock von [&hellip;]<\/p>\n","protected":false},"author":2,"featured_media":0,"parent":0,"menu_order":0,"comment_status":"closed","ping_status":"closed","template":"","meta":{"footnotes":""},"class_list":["post-37","page","type-page","status-publish","hentry"],"_links":{"self":[{"href":"https:\/\/wuelfingen.de\/heimatbund\/index.php?rest_route=\/wp\/v2\/pages\/37","targetHints":{"allow":["GET"]}}],"collection":[{"href":"https:\/\/wuelfingen.de\/heimatbund\/index.php?rest_route=\/wp\/v2\/pages"}],"about":[{"href":"https:\/\/wuelfingen.de\/heimatbund\/index.php?rest_route=\/wp\/v2\/types\/page"}],"author":[{"embeddable":true,"href":"https:\/\/wuelfingen.de\/heimatbund\/index.php?rest_route=\/wp\/v2\/users\/2"}],"replies":[{"embeddable":true,"href":"https:\/\/wuelfingen.de\/heimatbund\/index.php?rest_route=%2Fwp%2Fv2%2Fcomments&post=37"}],"version-history":[{"count":2,"href":"https:\/\/wuelfingen.de\/heimatbund\/index.php?rest_route=\/wp\/v2\/pages\/37\/revisions"}],"predecessor-version":[{"id":45,"href":"https:\/\/wuelfingen.de\/heimatbund\/index.php?rest_route=\/wp\/v2\/pages\/37\/revisions\/45"}],"wp:attachment":[{"href":"https:\/\/wuelfingen.de\/heimatbund\/index.php?rest_route=%2Fwp%2Fv2%2Fmedia&parent=37"}],"curies":[{"name":"wp","href":"https:\/\/api.w.org\/{rel}","templated":true}]}}