{"id":39,"date":"2013-09-05T15:52:52","date_gmt":"2013-09-05T15:52:52","guid":{"rendered":"http:\/\/heimatbund.wuelfingen.de\/?page_id=39"},"modified":"2013-09-05T15:59:20","modified_gmt":"2013-09-05T15:59:20","slug":"gebietsreform-1974","status":"publish","type":"page","link":"https:\/\/wuelfingen.de\/heimatbund\/?page_id=39","title":{"rendered":"Gebietsreform 1974"},"content":{"rendered":"<p>Seit der Gebietsreform im Jahre 1974 geh\u00f6rt die vorher eigenst\u00e4ndige Gemeinde W\u00fclfingen zur Stadt Elze,und liegt an der Bundesstra\u00dfe 3 von Hannover nach G\u00f6ttingen. (ca. 3 km vor Elze)<\/p>\n<p>F\u00fcr Naturfreunde gibt es bei einer Wanderung durch die W\u00fclfinger Seeenplatte einiges zu entdecken. \u00dcber den Leineberglandwanderweg, durch die ehemaligen Kiesteiche, ist die Marienburg, und in der anderen Richtung \u00fcber den -Wei\u00dfen Brink- Osterwald zu erreichen. Vom Wei\u00dfen Brink hat man einen weiten Blick ins Leinetal mit Blick auf die Marienburg, die Wittenburger Kirche und Poppenburg, bei gutem Wetter bis zum Brocken. (Harz)<\/p>\n<p>Beim Blick auf W\u00fclfingen sieht man die 1769 erbaute St. Marien Kirche. Das Innere dieser Kirche beherbergt ein 1699 erbautes Orgelprospekt mit einer Furtw\u00e4nglerorgel von 1868.<\/p>\n","protected":false},"excerpt":{"rendered":"<p>Seit der Gebietsreform im Jahre 1974 geh\u00f6rt die vorher eigenst\u00e4ndige Gemeinde W\u00fclfingen zur Stadt Elze,und liegt an der Bundesstra\u00dfe 3 von Hannover nach G\u00f6ttingen. (ca. 3 km vor Elze) F\u00fcr Naturfreunde gibt es bei einer Wanderung durch die W\u00fclfinger Seeenplatte einiges zu entdecken. \u00dcber den Leineberglandwanderweg, durch die ehemaligen Kiesteiche, ist die Marienburg, und in [&hellip;]<\/p>\n","protected":false},"author":2,"featured_media":0,"parent":0,"menu_order":0,"comment_status":"closed","ping_status":"closed","template":"","meta":{"footnotes":""},"class_list":["post-39","page","type-page","status-publish","hentry"],"_links":{"self":[{"href":"https:\/\/wuelfingen.de\/heimatbund\/index.php?rest_route=\/wp\/v2\/pages\/39","targetHints":{"allow":["GET"]}}],"collection":[{"href":"https:\/\/wuelfingen.de\/heimatbund\/index.php?rest_route=\/wp\/v2\/pages"}],"about":[{"href":"https:\/\/wuelfingen.de\/heimatbund\/index.php?rest_route=\/wp\/v2\/types\/page"}],"author":[{"embeddable":true,"href":"https:\/\/wuelfingen.de\/heimatbund\/index.php?rest_route=\/wp\/v2\/users\/2"}],"replies":[{"embeddable":true,"href":"https:\/\/wuelfingen.de\/heimatbund\/index.php?rest_route=%2Fwp%2Fv2%2Fcomments&post=39"}],"version-history":[{"count":3,"href":"https:\/\/wuelfingen.de\/heimatbund\/index.php?rest_route=\/wp\/v2\/pages\/39\/revisions"}],"predecessor-version":[{"id":43,"href":"https:\/\/wuelfingen.de\/heimatbund\/index.php?rest_route=\/wp\/v2\/pages\/39\/revisions\/43"}],"wp:attachment":[{"href":"https:\/\/wuelfingen.de\/heimatbund\/index.php?rest_route=%2Fwp%2Fv2%2Fmedia&parent=39"}],"curies":[{"name":"wp","href":"https:\/\/api.w.org\/{rel}","templated":true}]}}