{"id":543,"date":"2024-03-12T22:23:31","date_gmt":"2024-03-12T22:23:31","guid":{"rendered":"https:\/\/wuelfingen.de\/w24\/?page_id=543"},"modified":"2025-02-17T23:10:40","modified_gmt":"2025-02-17T22:10:40","slug":"impressum","status":"publish","type":"page","link":"https:\/\/wuelfingen.de\/w24\/impressum\/","title":{"rendered":"Impressum"},"content":{"rendered":"[et_pb_section fb_built=&#8220;1&#8243; admin_label=&#8220;section&#8220; _builder_version=&#8220;4.16&#8243; global_colors_info=&#8220;{}&#8220;][et_pb_row admin_label=&#8220;row&#8220; _builder_version=&#8220;4.16&#8243; background_size=&#8220;initial&#8220; background_position=&#8220;top_left&#8220; background_repeat=&#8220;repeat&#8220; global_colors_info=&#8220;{}&#8220;][et_pb_column type=&#8220;4_4&#8243; _builder_version=&#8220;4.16&#8243; custom_padding=&#8220;|||&#8220; global_colors_info=&#8220;{}&#8220; custom_padding__hover=&#8220;|||&#8220;][et_pb_text admin_label=&#8220;Text&#8220; _builder_version=&#8220;4.27.0&#8243; background_size=&#8220;initial&#8220; background_position=&#8220;top_left&#8220; background_repeat=&#8220;repeat&#8220; global_colors_info=&#8220;{}&#8220;]<h1><p>Impressum<\/h1>\n<p><b>Information according to \u00a7 5 DDG <\/b><\/p><p>W\u00fclfingen<br \/>Walter Heuer<br\/>Leinestra\u00dfe 12<br\/>31008 Elze W\u00fclfingen<br\/>Deutschland<br\/><\/p><p><b>Vertreten durch:<\/b> Walter Heuer<br\/><\/p><p><b>Kontakt:<\/b><br\/>E-Mail: <span style=\"display: none !important;\">2SzmTMAjftG6tBG<\/span>walter<span style=\"display: none !important;\">PJAUapdXvdPT7sQ<\/span>@<span style=\"display: none !important;\">HMimZ5eGOrHQiER<\/span>heuer-info.de<span style=\"display: none !important;\">AkHPhMEWWUHZu1G<\/span><br\/><\/p><p><b>Haftungsausschluss<\/b><br \/><\/p><p><b>Haftung f\u00fcr Links:<\/b><br\/>Unser Angebot enth\u00e4lt Links zu externen Webseiten Dritter, auf deren Inhalte wir keinen Einfluss haben. Deshalb k\u00f6nnen wir f\u00fcr diese fremden Inhalte auch keine Gew\u00e4hr \u00fcbernehmen. F\u00fcr die Inhalte der verlinkten Seiten ist stets der jeweilige Anbieter oder Betreiber der Seiten verantwortlich. Die verlinkten Seiten wurden zum Zeitpunkt der Verlinkung auf m\u00f6gliche Rechtsverst\u00f6\u00dfe \u00fcberpr\u00fcft. Rechtswidrige Inhalte waren zum Zeitpunkt der Verlinkung nicht erkennbar. Eine permanente inhaltliche Kontrolle der verlinkten Seiten ist jedoch ohne konkrete Anhaltspunkte einer Rechtsverletzung nicht zumutbar. Bei Bekanntwerden von Rechtsverletzungen werden wir derartige Links umgehend entfernen.<\/p><p><b>Haftung f\u00fcr Inhalt:<\/b><br\/>The contents of our pages were created with the greatest care. However, we cannot assume any liability for the correctness, completeness and topicality of the contents. As a service provider, we are responsible for our own content on these pages in accordance with \u00a7 5 DDG and general laws. According to \u00a7 5 DDG we are not obliged to monitor transmitted or stored information from third parties or to investigate circumstances that indicate illegal activity. Obligations to remove or block the use of information according to general laws remain unaffected. However, liability in this respect is only possible from the time of knowledge of a concrete infringement. If we become aware of any such violations, we will remove the content in question immediately.<\/p><p><b>Urheberrecht<\/b><br \/>Die durch die Seitenbetreiber erstellten Inhalte und Werke auf diesen Seiten unterliegen dem deutschen Urheberrecht. Die Vervielf\u00e4ltigung, Bearbeitung, Verbreitung und jede Art der Verwertung au\u00dferhalb der Grenzen des Urheberrechtes bed\u00fcrfen der schriftlichen Zustimmung des jeweiligen Autors bzw. Erstellers. Downloads und Kopien dieser Seite sind nur f\u00fcr den privaten, nicht kommerziellen Gebrauch gestattet. Soweit die Inhalte auf dieser Seite nicht vom Betreiber erstellt wurden, werden die Urheberrechte Dritter beachtet. Insbesondere werden Inhalte Dritter als solche gekennzeichnet. Sollten Sie trotzdem auf eine Urheberrechtsverletzung aufmerksam werden, bitten wir um einen entsprechenden Hinweis. Bei Bekanntwerden von Rechtsverletzungen werden wir derartige Inhalte umgehend entfernen.<\/p>\n<\/p>\n<p>Diese Webseite wurde von WK Mediendesign entworfen und realisiert, mit Unterst\u00fctzung von J\u00fcrgend Wendland.<br \/>Weitere Informationen finden Sie unter:<\/p>\n<p><a href=\"http:\/\/www.wkmediendesign.de\">www.wkmediendesign.de<\/a><\/p>\n<p>&nbsp;<\/p>\n<p><strong>Bildnachweise:<\/strong><\/p>[\/et_pb_text][\/et_pb_column][\/et_pb_row][et_pb_row _builder_version=&#8220;4.27.3&#8243; _module_preset=&#8220;default&#8220; column_structure=&#8220;1_3,1_3,1_3&#8243; hover_enabled=&#8220;0&#8243; sticky_enabled=&#8220;0&#8243; custom_margin=&#8220;0px||0px||false|false&#8220; custom_padding=&#8220;0px||0px||false|false&#8220;][et_pb_column _builder_version=&#8220;4.27.3&#8243; _module_preset=&#8220;default&#8220; type=&#8220;1_3&#8243;][et_pb_text module_id=&#8220;bildnachweise&#8220; _builder_version=&#8220;4.27.3&#8243; _module_preset=&#8220;default&#8220; global_colors_info=&#8220;{}&#8220;]<p><span style=\"text-decoration: underline;\">Startseite<\/span><br \/>Titel: <a href=\"https:\/\/de.freepik.com\/fotos-kostenlos\/eine-nahaufnahme-des-brennenden-holzes-in-einem-kamin_10291718.htm#fromView=search&amp;page=1&amp;position=14&amp;uuid=34c49a87-fbb3-47e4-bd05-6e12971e43d7&amp;query=osterfeuer\">Eine Nahaufnahme des brennenden Holzes in einem Kamin<\/a><br \/>Bilddatenbank: freepik.com<br \/>Von <a href=\"https:\/\/de.freepik.com\/autor\/wirestock\" class=\"_1lm5ehu4 $flex $items-center $gap-10 $text-grayOxford hover:$text-blueFreepik $text-grayOxford hover:$text-blueFreepik\" aria-label=\"Link to the author's page\">wirestock<\/a><\/p>\n<p>&nbsp;<\/p>[\/et_pb_text][\/et_pb_column][et_pb_column _builder_version=&#8220;4.27.3&#8243; _module_preset=&#8220;default&#8220; type=&#8220;1_3&#8243;][et_pb_text module_id=&#8220;bildnachweise&#8220; _builder_version=&#8220;4.27.3&#8243; _module_preset=&#8220;default&#8220; global_colors_info=&#8220;{}&#8220;]<p><br \/>Titel: <a href=\"https:\/\/de.freepik.com\/fotos-kostenlos\/haengelampen-im-outdoor-restaurant-mit-mehreren-besuchern-im-hintergrund-bbq_14996475.htm#fromView=search&amp;page=1&amp;position=0&amp;uuid=b4cde485-974d-4d12-aaa2-9760ce0ea93b&amp;query=fest+draussen\">H\u00e4ngelampen im Outdoor-Restaurant mit mehreren Besuchern im Hintergrund, BBQ<\/a><br \/>Bilddatenbank: freepik.com<br \/>Von <a href=\"https:\/\/de.freepik.com\/autor\/frimufilms\" class=\"_1lm5ehu4 $flex $items-center $gap-10 $text-grayOxford hover:$text-blueFreepik $text-grayOxford hover:$text-blueFreepik\" aria-label=\"Link to the author's page\">frimufilms<\/a><\/p>\n<p>&nbsp;<\/p>[\/et_pb_text][\/et_pb_column][et_pb_column _builder_version=&#8220;4.27.3&#8243; _module_preset=&#8220;default&#8220; type=&#8220;1_3&#8243;][\/et_pb_column][\/et_pb_row][\/et_pb_section]","protected":false},"excerpt":{"rendered":"<p>Impressum <p><b>Information according to \u00a7 5 DDG <\/b><\/p><p>W\u00fclfingen<br \/>Walter Heuer<br\/>Leinestra\u00dfe 12<br\/>31008 Elze W\u00fclfingen<br\/>Deutschland<br\/><\/p><p><b>Vertreten durch:<\/b> Walter Heuer<br\/><\/p><p><b>Kontakt:<\/b><br\/>E-Mail: <span style=\"display: none !important;\">2SzmTMAjftG6tBG<\/span>walter<span style=\"display: none !important;\">PJAUapdXvdPT7sQ<\/span>@<span style=\"display: none !important;\">HMimZ5eGOrHQiER<\/span>heuer-info.de<span style=\"display: none !important;\">AkHPhMEWWUHZu1G<\/span><br\/><\/p><p><b>Haftungsausschluss<\/b><br \/><\/p><p><b>Haftung f\u00fcr Links:<\/b><br\/>Unser Angebot enth\u00e4lt Links zu externen Webseiten Dritter, auf deren Inhalte wir keinen Einfluss haben. Deshalb k\u00f6nnen wir f\u00fcr diese fremden Inhalte auch keine Gew\u00e4hr \u00fcbernehmen. F\u00fcr die Inhalte der verlinkten Seiten ist stets der jeweilige Anbieter oder Betreiber der Seiten verantwortlich. Die verlinkten Seiten wurden zum Zeitpunkt der Verlinkung auf m\u00f6gliche Rechtsverst\u00f6\u00dfe \u00fcberpr\u00fcft. Rechtswidrige Inhalte waren zum Zeitpunkt der Verlinkung nicht erkennbar. Eine permanente inhaltliche Kontrolle der verlinkten Seiten ist jedoch ohne konkrete Anhaltspunkte einer Rechtsverletzung nicht zumutbar. Bei Bekanntwerden von Rechtsverletzungen werden wir derartige Links umgehend entfernen.<\/p><p><b>Haftung f\u00fcr Inhalt:<\/b><br\/>The contents of our pages were created with the greatest care. However, we cannot assume any liability for the correctness, completeness and topicality of the contents. As a service provider, we are responsible for our own content on these pages in accordance with \u00a7 5 DDG and general laws. According to \u00a7 5 DDG we are not obliged to monitor transmitted or stored information from third parties or to investigate circumstances that indicate illegal activity. Obligations to remove or block the use of information according to general laws remain unaffected. However, liability in this respect is only possible from the time of knowledge of a concrete infringement. If we become aware of any such violations, we will remove the content in question immediately.<\/p><p><b>Urheberrecht<\/b><br \/>Die durch die Seitenbetreiber erstellten Inhalte und Werke auf diesen Seiten unterliegen dem deutschen Urheberrecht. Die Vervielf\u00e4ltigung, Bearbeitung, Verbreitung und jede Art der Verwertung au\u00dferhalb der Grenzen des Urheberrechtes bed\u00fcrfen der schriftlichen Zustimmung des jeweiligen Autors bzw. Erstellers. Downloads und Kopien dieser Seite sind nur f\u00fcr den privaten, nicht kommerziellen Gebrauch gestattet. Soweit die Inhalte auf dieser Seite nicht vom Betreiber erstellt wurden, werden die Urheberrechte Dritter beachtet. Insbesondere werden Inhalte Dritter als solche gekennzeichnet. Sollten Sie trotzdem auf eine Urheberrechtsverletzung aufmerksam werden, bitten wir um einen entsprechenden Hinweis. Bei Bekanntwerden von Rechtsverletzungen werden wir derartige Inhalte umgehend entfernen.<\/p> Diese Webseite wurde von WK Mediendesign entworfen und realisiert, mit Unterst\u00fctzung von J\u00fcrgend Wendland.Weitere Informationen finden Sie unter: www.wkmediendesign.de &nbsp; Bildnachweise:StartseiteTitel: Eine Nahaufnahme des brennenden Holzes in einem [&hellip;]<\/p>\n","protected":false},"author":2,"featured_media":0,"parent":0,"menu_order":0,"comment_status":"closed","ping_status":"closed","template":"","meta":{"_et_pb_use_builder":"on","_et_pb_old_content":"<!-- wp:shortcode -->\n[dsgvo_imprint]\n<!-- \/wp:shortcode -->","_et_gb_content_width":"1080","_price":"","_stock":"","_tribe_ticket_header":"","_tribe_default_ticket_provider":"","_tribe_ticket_capacity":"0","_ticket_start_date":"","_ticket_end_date":"","_tribe_ticket_show_description":"","_tribe_ticket_show_not_going":false,"_tribe_ticket_use_global_stock":"","_tribe_ticket_global_stock_level":"","_global_stock_mode":"","_global_stock_cap":"","_tribe_rsvp_for_event":"","_tribe_ticket_going_count":"","_tribe_ticket_not_going_count":"","_tribe_tickets_list":"[]","_tribe_ticket_has_attendee_info_fields":false,"footnotes":"","_tec_slr_enabled":"","_tec_slr_layout":""},"class_list":["post-543","page","type-page","status-publish","hentry"],"ticketed":false,"_links":{"self":[{"href":"https:\/\/wuelfingen.de\/w24\/wp-json\/wp\/v2\/pages\/543","targetHints":{"allow":["GET"]}}],"collection":[{"href":"https:\/\/wuelfingen.de\/w24\/wp-json\/wp\/v2\/pages"}],"about":[{"href":"https:\/\/wuelfingen.de\/w24\/wp-json\/wp\/v2\/types\/page"}],"author":[{"embeddable":true,"href":"https:\/\/wuelfingen.de\/w24\/wp-json\/wp\/v2\/users\/2"}],"replies":[{"embeddable":true,"href":"https:\/\/wuelfingen.de\/w24\/wp-json\/wp\/v2\/comments?post=543"}],"version-history":[{"count":12,"href":"https:\/\/wuelfingen.de\/w24\/wp-json\/wp\/v2\/pages\/543\/revisions"}],"predecessor-version":[{"id":2096,"href":"https:\/\/wuelfingen.de\/w24\/wp-json\/wp\/v2\/pages\/543\/revisions\/2096"}],"wp:attachment":[{"href":"https:\/\/wuelfingen.de\/w24\/wp-json\/wp\/v2\/media?parent=543"}],"curies":[{"name":"wp","href":"https:\/\/api.w.org\/{rel}","templated":true}]}}