{"id":12,"date":"2012-11-22T21:53:46","date_gmt":"2012-11-22T21:53:46","guid":{"rendered":"http:\/\/wuelfingen.de\/?page_id=12"},"modified":"2012-11-22T21:53:46","modified_gmt":"2012-11-22T21:53:46","slug":"sportverein","status":"publish","type":"page","link":"https:\/\/wuelfingen.de\/wuelfingen\/sportverein\/","title":{"rendered":"Sportverein"},"content":{"rendered":"<p>Der SV W\u00fclfingen von 1923 \/ 48 e.V. bietet seinen etwa 300 Mitgliedern vielf\u00e4ltige M\u00f6glichkeiten sich sportlich zu bet\u00e4tigen.<\/p>\n<p>Der Verein besteht aus den Sparten:<\/p>\n<ul>\n<li>Fu\u00dfball<\/li>\n<li>Tischtennis<\/li>\n<li>Turnen<\/li>\n<\/ul>\n<p>Im Herren-Fu\u00dfballbereich ist 1988 eine Spielgemeinschaft mit dem VfL Adensen-Hallerburg gegr\u00fcndet worden.<\/p>\n<p>Neben seinen sportlichen Angeboten sorgt der SV W\u00fclfingen allein oder gemeinsam mit den anderen W\u00fclfinger Vereinen f\u00fcr die F\u00f6rderung der d\u00f6rflichen Gemeinschaft.<\/p>\n<p>Vorsitzender SV W\u00fclfingen:<br \/>\nLars Knop<br \/>\nLeinestr. 33<br \/>\n31008 Elze<\/p>\n<p>Aktuelle Veranstaltungen und n\u00e4here Informationen finden Sie auf der eigenen\u00a0<a href=\"http:\/\/www.sv-wuelfingen.de\" target=\"_blank\" rel=\"noopener noreferrer\">Internetseite des\u00a0Sportverein W\u00fclfingen<\/a>.<\/p>\n<hr \/>\n<p><b>Anstehende Termine\u00a0im W\u00fclfinger Veranstaltungskalender<\/b>:<\/p>\n<p><iframe loading=\"lazy\" style=\"border-width: 0;\" src=\"https:\/\/calendar.google.com\/calendar\/embed?showTitle=0&amp;showNav=0&amp;showDate=0&amp;showPrint=0&amp;showTabs=0&amp;showCalendars=0&amp;showTz=0&amp;mode=AGENDA&amp;height=600&amp;wkst=2&amp;bgcolor=%23FFFFFF&amp;src=5b2mldovdh58p98540cjqc622g%40group.calendar.google.com&amp;color=%23853104&amp;ctz=Europe%2FBerlin\" width=\"500\" height=\"500\" frameborder=\"0\" scrolling=\"no\"><\/iframe><\/p>\n","protected":false},"excerpt":{"rendered":"<p>Der SV W\u00fclfingen von 1923 \/ 48 e.V. bietet seinen etwa 300 Mitgliedern vielf\u00e4ltige M\u00f6glichkeiten sich sportlich zu bet\u00e4tigen. Der Verein besteht aus den Sparten: Fu\u00dfball Tischtennis Turnen Im Herren-Fu\u00dfballbereich ist 1988 eine Spielgemeinschaft mit dem VfL Adensen-Hallerburg gegr\u00fcndet worden. Neben seinen sportlichen Angeboten sorgt der SV W\u00fclfingen allein oder gemeinsam mit den anderen W\u00fclfinger &hellip; <a href=\"https:\/\/wuelfingen.de\/wuelfingen\/sportverein\/\" class=\"more-link\"><span class=\"screen-reader-text\">\u201eSportverein\u201c<\/span> weiterlesen<\/a><\/p>\n","protected":false},"author":1,"featured_media":0,"parent":0,"menu_order":0,"comment_status":"closed","ping_status":"closed","template":"","meta":{"footnotes":""},"class_list":["post-12","page","type-page","status-publish","hentry"],"_links":{"self":[{"href":"https:\/\/wuelfingen.de\/wuelfingen\/wp-json\/wp\/v2\/pages\/12"}],"collection":[{"href":"https:\/\/wuelfingen.de\/wuelfingen\/wp-json\/wp\/v2\/pages"}],"about":[{"href":"https:\/\/wuelfingen.de\/wuelfingen\/wp-json\/wp\/v2\/types\/page"}],"author":[{"embeddable":true,"href":"https:\/\/wuelfingen.de\/wuelfingen\/wp-json\/wp\/v2\/users\/1"}],"replies":[{"embeddable":true,"href":"https:\/\/wuelfingen.de\/wuelfingen\/wp-json\/wp\/v2\/comments?post=12"}],"version-history":[{"count":0,"href":"https:\/\/wuelfingen.de\/wuelfingen\/wp-json\/wp\/v2\/pages\/12\/revisions"}],"wp:attachment":[{"href":"https:\/\/wuelfingen.de\/wuelfingen\/wp-json\/wp\/v2\/media?parent=12"}],"curies":[{"name":"wp","href":"https:\/\/api.w.org\/{rel}","templated":true}]}}