{"id":393,"date":"2015-12-21T23:14:47","date_gmt":"2015-12-21T22:14:47","guid":{"rendered":"http:\/\/wuelfingen.de\/?page_id=393"},"modified":"2023-12-26T16:07:35","modified_gmt":"2023-12-26T16:07:35","slug":"veranstaltungskalender","status":"publish","type":"page","link":"https:\/\/wuelfingen.de\/wuelfingen\/veranstaltungskalender\/","title":{"rendered":"Veranstaltungskalender"},"content":{"rendered":"\n<p><strong>Online-Ansicht der anstehenden Veranstaltungen<\/strong> der W\u00fclfinger Vereine und Verb\u00e4nde:<\/p>\n\n\n\n<figure><iframe loading=\"lazy\" src=\"https:\/\/calendar.google.com\/calendar\/embed?showTitle=0&amp;showNav=0&amp;showDate=0&amp;showPrint=0&amp;showTabs=0&amp;showCalendars=0&amp;showTz=0&amp;mode=AGENDA&amp;height=500&amp;wkst=2&amp;bgcolor=%23FFFFFF&amp;src=5b2mldovdh58p98540cjqc622g%40group.calendar.google.com&amp;color=%23853104&amp;ctz=Europe%2FBerlin\" width=\"500\" height=\"500\"><\/iframe><\/figure>\n\n\n\n<hr class=\"wp-block-separator has-css-opacity\"\/>\n\n\n\n<p><strong>Veranstaltungskalender W\u00fclfingen&nbsp;(als&nbsp;PDF<\/strong>)<\/p>\n\n\n\n<p>Ansicht der PDF-Datei<\/p>\n\n\n<a href=\"https:\/\/wuelfingen.de\/wuelfingen\/wp-content\/uploads\/2023\/12\/Veranstaltungskalender_2024.pdf\" class=\"pdfemb-viewer\" style=\"\" data-width=\"max\" data-height=\"max\" data-toolbar=\"bottom\" data-toolbar-fixed=\"off\">Veranstaltungskalender_2024<\/a>\n<p class=\"wp-block-pdfemb-pdf-embedder-viewer\"><\/p>\n\n\n\n<p class=\"has-text-align-center\"><em>Seitenauswahl weiterer Seiten nach antippen\/anklicken<\/em><\/p>\n\n\n\n<hr class=\"wp-block-separator has-css-opacity\"\/>\n\n\n\n<div data-wp-interactive=\"core\/file\" class=\"wp-block-file\"><object data-wp-bind--hidden=\"!state.hasPdfPreview\"  class=\"wp-block-file__embed\" data=\"https:\/\/wuelfingen.de\/wuelfingen\/wp-content\/uploads\/2023\/12\/Veranstaltungskalender_2024.pdf\" type=\"application\/pdf\" style=\"width:100%;height:600px\" aria-label=\"Einbettung von Veranstaltungskalender_2024.\"><\/object><a id=\"wp-block-file--media-64cce7c2-aa8d-4de3-9838-0f34dd7e21dc\" href=\"https:\/\/wuelfingen.de\/wuelfingen\/wp-content\/uploads\/2023\/12\/Veranstaltungskalender_2024.pdf\" target=\"_blank\" rel=\"noreferrer noopener\">Veranstaltungskalender_2024<\/a><a href=\"https:\/\/wuelfingen.de\/wuelfingen\/wp-content\/uploads\/2023\/12\/Veranstaltungskalender_2024.pdf\" class=\"wp-block-file__button wp-element-button\" download aria-describedby=\"wp-block-file--media-64cce7c2-aa8d-4de3-9838-0f34dd7e21dc\">Herunterladen<\/a><\/div>\n\n\n\n<hr class=\"wp-block-separator has-alpha-channel-opacity\"\/>\n\n\n\n<div class=\"wp-block-group\"><div class=\"wp-block-group__inner-container is-layout-flow wp-block-group-is-layout-flow\">\n<pre class=\"wp-block-preformatted\"><em><strong>Diesen Kalender abonnieren?<\/strong><\/em>\n<em>Um in eurer Kalenderanwendung die Termine dieses Online-Kalenders zu abonnieren:<\/em>\n<em>1. Die folgende Adresse kopieren\nhttps:\/\/calendar.google.com\/calendar\/ical\/5b2mldovdh58p98540cjqc622g%40group.calendar.google.com\/public\/basic.ics\n2. In den Kalendereinstellungen eures Ger\u00e4tes unter \u201eKalenderabo hinzuf\u00fcgen (iCal\/ics)\u201c &nbsp;die kopierte Adresse einf\u00fcgen und abspeichern<\/em><\/pre>\n<\/div><\/div>\n\n\n\n<hr class=\"wp-block-separator has-alpha-channel-opacity\"\/>\n","protected":false},"excerpt":{"rendered":"<p>Online-Ansicht der anstehenden Veranstaltungen der W\u00fclfinger Vereine und Verb\u00e4nde: Veranstaltungskalender W\u00fclfingen&nbsp;(als&nbsp;PDF) Ansicht der PDF-Datei Seitenauswahl weiterer Seiten nach antippen\/anklicken Diesen Kalender abonnieren? Um in eurer Kalenderanwendung die Termine dieses Online-Kalenders zu abonnieren: 1. Die folgende Adresse kopieren https:\/\/calendar.google.com\/calendar\/ical\/5b2mldovdh58p98540cjqc622g%40group.calendar.google.com\/public\/basic.ics 2. In den Kalendereinstellungen eures Ger\u00e4tes unter \u201eKalenderabo hinzuf\u00fcgen (iCal\/ics)\u201c &nbsp;die kopierte Adresse einf\u00fcgen und abspeichern<\/p>\n","protected":false},"author":1,"featured_media":0,"parent":0,"menu_order":0,"comment_status":"closed","ping_status":"closed","template":"","meta":{"footnotes":""},"class_list":["post-393","page","type-page","status-publish","hentry"],"_links":{"self":[{"href":"https:\/\/wuelfingen.de\/wuelfingen\/wp-json\/wp\/v2\/pages\/393"}],"collection":[{"href":"https:\/\/wuelfingen.de\/wuelfingen\/wp-json\/wp\/v2\/pages"}],"about":[{"href":"https:\/\/wuelfingen.de\/wuelfingen\/wp-json\/wp\/v2\/types\/page"}],"author":[{"embeddable":true,"href":"https:\/\/wuelfingen.de\/wuelfingen\/wp-json\/wp\/v2\/users\/1"}],"replies":[{"embeddable":true,"href":"https:\/\/wuelfingen.de\/wuelfingen\/wp-json\/wp\/v2\/comments?post=393"}],"version-history":[{"count":2,"href":"https:\/\/wuelfingen.de\/wuelfingen\/wp-json\/wp\/v2\/pages\/393\/revisions"}],"predecessor-version":[{"id":1963,"href":"https:\/\/wuelfingen.de\/wuelfingen\/wp-json\/wp\/v2\/pages\/393\/revisions\/1963"}],"wp:attachment":[{"href":"https:\/\/wuelfingen.de\/wuelfingen\/wp-json\/wp\/v2\/media?parent=393"}],"curies":[{"name":"wp","href":"https:\/\/api.w.org\/{rel}","templated":true}]}}