{"id":399,"date":"2012-11-22T21:18:58","date_gmt":"2012-11-22T21:18:58","guid":{"rendered":"http:\/\/wuelfingen.de\/?page_id=2"},"modified":"2023-12-26T16:50:17","modified_gmt":"2023-12-26T16:50:17","slug":"impressum","status":"publish","type":"page","link":"https:\/\/wuelfingen.de\/wuelfingen\/impressum\/","title":{"rendered":"Impressum \/ Datenschutz"},"content":{"rendered":"\n<p>Diese Webseite ist ein Informationsangebot von den W\u00fclfinger Vereinen und Verb\u00e4nden in 31008 Elze&nbsp;zum Zweck der \u00d6ffentlichkeitsarbeit.<\/p>\n\n\n\n<p>Verantwortlich f\u00fcr den Inhalt sind die Vereine und Verb\u00e4nde von W\u00fclfingen,&nbsp;<b>vertreten durch<\/b>&nbsp;die jeweiligen Vorsitzenden, welche auf den jeweiligen Unterseiten der Vereine und Verb\u00e4nde benannt und kontaktierbar sind.<\/p>\n\n\n\n<p>Haben Sie Fragen oder Anmerkungen zu den Inhalten dieser Seite ?<br>Dann schreiben Sie uns einfach eine E-Mail.<br>(Nur zur Kontaktaufnahme, keine personenbezogenen Daten)<\/p>\n\n\n\n<hr class=\"wp-block-separator has-alpha-channel-opacity\" id=\"allgemein\"\/>\n\n\n\n<h1 class=\"wp-block-heading\">Kontaktformular<\/h1>\n\n\n\n<p>f\u00fcr allgemeine Anfragen oder Mitteilungen zu dieser Webseite<\/p>\n\n\n<div class=\"wpforms-container wpforms-container-full wpforms-render-modern\" id=\"wpforms-1965\"><form id=\"wpforms-form-1965\" class=\"wpforms-validate wpforms-form wpforms-ajax-form\" data-formid=\"1965\" method=\"post\" enctype=\"multipart\/form-data\" action=\"\/wuelfingen\/wp-json\/wp\/v2\/pages\/399\" data-token=\"2425166342a514a85d1c46bf2a9dffa5\" data-token-time=\"1776768929\"><noscript class=\"wpforms-error-noscript\">Bitte aktiviere JavaScript in deinem Browser, um dieses Formular fertigzustellen.<\/noscript><div class=\"wpforms-hidden\" id=\"wpforms-error-noscript\">Bitte aktiviere JavaScript in deinem Browser, um dieses Formular fertigzustellen.<\/div><div class=\"wpforms-field-container\"><div id=\"wpforms-1965-field_0-container\" class=\"wpforms-field wpforms-field-name\" data-field-id=\"0\"><fieldset><legend class=\"wpforms-field-label\">Name <span class=\"wpforms-required-label\" aria-hidden=\"true\">*<\/span><\/legend><div class=\"wpforms-field-row wpforms-field-medium\"><div class=\"wpforms-field-row-block wpforms-first wpforms-one-half\"><input type=\"text\" id=\"wpforms-1965-field_0\" class=\"wpforms-field-name-first wpforms-field-required\" name=\"wpforms[fields][0][first]\" aria-errormessage=\"wpforms-1965-field_0-error\" required><label for=\"wpforms-1965-field_0\" class=\"wpforms-field-sublabel after\">Vorname<\/label><\/div><div class=\"wpforms-field-row-block wpforms-one-half\"><input type=\"text\" id=\"wpforms-1965-field_0-last\" class=\"wpforms-field-name-last wpforms-field-required\" name=\"wpforms[fields][0][last]\" aria-errormessage=\"wpforms-1965-field_0-last-error\" required><label for=\"wpforms-1965-field_0-last\" class=\"wpforms-field-sublabel after\">Nachname<\/label><\/div><\/div><\/fieldset><\/div><div id=\"wpforms-1965-field_1-container\" class=\"wpforms-field wpforms-field-email\" data-field-id=\"1\"><label class=\"wpforms-field-label\" for=\"wpforms-1965-field_1\">E-Mail-Adresse <span class=\"wpforms-required-label\" aria-hidden=\"true\">*<\/span><\/label><input type=\"email\" id=\"wpforms-1965-field_1\" class=\"wpforms-field-medium wpforms-field-required\" name=\"wpforms[fields][1]\" spellcheck=\"false\" aria-errormessage=\"wpforms-1965-field_1-error\" required><\/div><div id=\"wpforms-1965-field_2-container\" class=\"wpforms-field wpforms-field-textarea\" data-field-id=\"2\"><label class=\"wpforms-field-label\" for=\"wpforms-1965-field_2\">Kommentar oder Nachricht<\/label><textarea id=\"wpforms-1965-field_2\" class=\"wpforms-field-medium\" name=\"wpforms[fields][2]\" aria-errormessage=\"wpforms-1965-field_2-error\" ><\/textarea><\/div><\/div><!-- .wpforms-field-container --><div class=\"wpforms-submit-container\" ><input type=\"hidden\" name=\"wpforms[id]\" value=\"1965\"><input type=\"hidden\" name=\"page_title\" value=\"\"><input type=\"hidden\" name=\"page_url\" value=\"https:\/\/wuelfingen.de\/wuelfingen\/wp-json\/wp\/v2\/pages\/399\"><button type=\"submit\" name=\"wpforms[submit]\" id=\"wpforms-submit-1965\" class=\"wpforms-submit\" data-alt-text=\"Wird gesendet\u00a0\u2026\" data-submit-text=\"Absenden\" aria-live=\"assertive\" value=\"wpforms-submit\">Absenden<\/button><img loading=\"lazy\" decoding=\"async\" src=\"https:\/\/wuelfingen.de\/wuelfingen\/wp-content\/plugins\/wpforms-lite\/assets\/images\/submit-spin.svg\" class=\"wpforms-submit-spinner\" style=\"display: none;\" width=\"26\" height=\"26\" alt=\"Wird geladen\"><\/div><\/form><\/div>  <!-- .wpforms-container -->\n\n\n\n<hr class=\"wp-block-separator has-alpha-channel-opacity\" id=\"datenschutzerklaerung\"\/>\n\n\n\n<h1 class=\"wp-block-heading\"><strong>Datenschutzerkl\u00e4rung<\/strong><\/h1>\n\n\n\n<p><b>Allgemeines<\/b><br>Die Vereine und Verb\u00e4nde von W\u00fclfingen, <b>vertreten durch<\/b>&nbsp;die jeweiligen Vorsitzenden, welche auf den jeweiligen Unterseiten der Vereine und Verb\u00e4nde benannt und kontaktierbar sind, betreiben diese Internetseite zu Zwecken der \u00d6ffentlichkeitsarbeit und informieren mit dieser Datenschutzerkl\u00e4rung \u00fcber die Datenverarbeitung im Rahmen dieser Internetseite.<br>Zum Schutz pers\u00f6nlicher Daten werden diese auf Grundlage der gesetzlichen Bestimmungen wie der EU-Datenschutzgrundverordnung (DSGVO) und des Telemediengesetzes (TMG) verarbeitet.<\/p>\n\n\n\n<p><strong>Server-Log-Files<\/strong><br>Eine Nutzung dieser Internetseite ist ohne Angabe von personenbezogenen Daten m\u00f6glich.&nbsp;Unser Webseiten-Provider, die Strato AG in Berlin, erfasst und speichert ihre Seitenaufrufe automatisiert in so genannten Server-Log-Files, die Ihr Browser automatisch an uns \u00fcbermittelt. Diese sind:<br>&#8211; Browsertyp\/Browserversion<br>&#8211; verwendetes Betriebssystem<br>&#8211; Referrer-URL<br>&#8211; IP-Adresse\/Hostname<br>&#8211; Uhrzeit der Anfrage<br>Die Daten in den Server-Log Files k\u00f6nnen bestimmten Personen nicht zugeordnet werden und eine Zusammenf\u00fchrung mit anderen Datenquellen wird nicht vorgenommen. Die IP-Adressen werden vom Webseiten-Provider zur Erkennung und Abwehr von Angriffen maximal sieben Tage gespeichert. Ein Abruf der IP-Adressen durch die jeweiligen Vereine und Verb\u00e4nde in W\u00fclfingen ist nicht m\u00f6glich.<\/p>\n\n\n\n<p><strong>Kontaktformular<\/strong><br>Auf einigen Seiten wie dem Kontaktformular haben sie die M\u00f6glichkeit uns Anmerkungen\/Anfragen zukommen zu lassen. Die von Ihnen dort freiwillig gemachten Eingaben mit auch personenbezogenen Daten wie z.B. Name, Mail-Adresse werden zur Bearbeitung ihrer Anfrage bei uns gespeichert. Diese Daten geben wir nicht ohne Ihre Zustimmung weiter und l\u00f6schen sie nach endg\u00fcltiger Beantwortung.<\/p>\n\n\n\n<p><strong>Links zu anderen Webseiten<\/strong><br>Unsere Internetseite enth\u00e4lt Links zu anderen Webseiten, auf deren Inhalt wir keinen Einfluss haben und wir daher f\u00fcr diese fremden Inhalte auch keine Gew\u00e4hr \u00fcbernehmen k\u00f6nnen. F\u00fcr diese Inhalte sind stets die jeweiligen Anbieter und Betreiber verantwortlich. Rechtswidrige Inhalte waren zum Zeitpunkt der Verlinkung jeweils nicht erkennbar. Bei Bekanntwerden von Rechtsverletzungen werden wir solche Links umgehend entfernen.<\/p>\n\n\n\n<p><strong>Nutzung von Cookies, Webanalysetools, Socialmedia-Plugins<\/strong><br>Teilweise verwenden Internetseiten so genannte Cookies, Webanalysetools und Socialmedia-Plugins, die dazu dienen Webseiten nutzerfreundlicher zu machen.<br>Sie k\u00f6nnen Ihren Browser so einstellen, dass Sie \u00fcber das Setzen von Cookies informiert werden und dabei die Annahme im Einzelfall oder generell ausschlie\u00dfen sowie das automatische L\u00f6schen der Cookies beim Schlie\u00dfen des Browser aktivieren.<\/p>\n\n\n\n<p><strong>Einbindung von Google Kalender<br><\/strong>Auf dieser Webseite nutzen wir das Angebot von Google Kalender, mit dem wir Ihnen die komfortable Anzeige von dynamisch-aktualisierten Kalenderdaten wie z.B. des Veranstaltungskalenders direkt in der Webseite erm\u00f6glichen.&nbsp;Durch den Besuch unserer Webseite erh\u00e4lt Google die Information, dass Sie die entsprechende Unterseite unserer Webseite aufgerufen haben.&nbsp;Zus\u00e4tzlich werden zum Teil o.a. Server-Log-Daten \u00fcbermittelt, was unabh\u00e4ngig davon erfolgt, ob Sie in ein Google Nutzerkonto&nbsp;eingeloggt sind oder nicht. Wenn Sie bei Google eingeloggt sind, werden die Daten Ihrem Konto zugeordnet. Wenn Sie eine Zuordnung zu ihrem Google Nutzerkonto nicht w\u00fcnschen, m\u00fcssen Sie sich im Vorfeld von ihrem Google Nutzerkonto ausloggen.<\/p>\n\n\n\n<p><strong>Ihre Rechte<\/strong><br>Im Rahmen der DSGVO steht Ihnen unter anderem das Recht auf Auskunft, Berichtigung, L\u00f6schung, Einschr\u00e4nkung, Daten\u00fcbertragbarkeit, Widerruf und Widerspruch zu.&nbsp;Hierzu wenden Sie sich bitte an die jeweiligen Vorsitzenden der&nbsp;Vereine und Verb\u00e4nde in W\u00fclfingen, welche auf den jeweiligen Unterseiten der Vereine und Verb\u00e4nde benannt und kontaktierbar sind.<br>Wenn Sie vermuten, dass die Verarbeitung Ihrer Daten gegen das Datenschutzrecht verst\u00f6\u00dft oder Ihre datenschutzrechtlichen Anspr\u00fcche verletzt worden sind k\u00f6nnen Sie sich auch an den Landesdatenschutzbeauftragten wenden.<\/p>\n\n\n\n<hr class=\"wp-block-separator has-alpha-channel-opacity\"\/>\n","protected":false},"excerpt":{"rendered":"<p>Diese Webseite ist ein Informationsangebot von den W\u00fclfinger Vereinen und Verb\u00e4nden in 31008 Elze&nbsp;zum Zweck der \u00d6ffentlichkeitsarbeit. Verantwortlich f\u00fcr den Inhalt sind die Vereine und Verb\u00e4nde von W\u00fclfingen,&nbsp;vertreten durch&nbsp;die jeweiligen Vorsitzenden, welche auf den jeweiligen Unterseiten der Vereine und Verb\u00e4nde benannt und kontaktierbar sind. Haben Sie Fragen oder Anmerkungen zu den Inhalten dieser Seite ?Dann &hellip; <a href=\"https:\/\/wuelfingen.de\/wuelfingen\/impressum\/\" class=\"more-link\"><span class=\"screen-reader-text\">\u201eImpressum \/ Datenschutz\u201c<\/span> weiterlesen<\/a><\/p>\n","protected":false},"author":1,"featured_media":0,"parent":0,"menu_order":0,"comment_status":"closed","ping_status":"closed","template":"","meta":{"footnotes":""},"class_list":["post-399","page","type-page","status-publish","hentry"],"_links":{"self":[{"href":"https:\/\/wuelfingen.de\/wuelfingen\/wp-json\/wp\/v2\/pages\/399"}],"collection":[{"href":"https:\/\/wuelfingen.de\/wuelfingen\/wp-json\/wp\/v2\/pages"}],"about":[{"href":"https:\/\/wuelfingen.de\/wuelfingen\/wp-json\/wp\/v2\/types\/page"}],"author":[{"embeddable":true,"href":"https:\/\/wuelfingen.de\/wuelfingen\/wp-json\/wp\/v2\/users\/1"}],"replies":[{"embeddable":true,"href":"https:\/\/wuelfingen.de\/wuelfingen\/wp-json\/wp\/v2\/comments?post=399"}],"version-history":[{"count":2,"href":"https:\/\/wuelfingen.de\/wuelfingen\/wp-json\/wp\/v2\/pages\/399\/revisions"}],"predecessor-version":[{"id":1969,"href":"https:\/\/wuelfingen.de\/wuelfingen\/wp-json\/wp\/v2\/pages\/399\/revisions\/1969"}],"wp:attachment":[{"href":"https:\/\/wuelfingen.de\/wuelfingen\/wp-json\/wp\/v2\/media?parent=399"}],"curies":[{"name":"wp","href":"https:\/\/api.w.org\/{rel}","templated":true}]}}