{"id":84,"date":"2012-11-29T19:15:37","date_gmt":"2012-11-29T18:15:37","guid":{"rendered":"http:\/\/wuelfingen.de\/?page_id=84"},"modified":"2012-11-29T19:15:37","modified_gmt":"2012-11-29T18:15:37","slug":"gemischter-chor","status":"publish","type":"page","link":"https:\/\/wuelfingen.de\/wuelfingen\/gemischter-chor\/","title":{"rendered":"Gemischter Chor"},"content":{"rendered":"<p>Nach langj\u00e4hriger Arbeit hat sich zum Jahresende 2013 der gemischte Chor\u00a0aufgel\u00f6st.<\/p>\n<p>Der Chor hatte sich einst mit den Ch\u00f6ren aus Gro\u00df Escherde, Betheln und Nordstemmen zusammen geschlossen und bildete mit Ihnen bei bei zahlreichen \u00dcbungsabenden und Konzerten\u00a0die Chorgemeinschaft Marineberg immer nach dem Motto &#8222;<em>Kommen Sie zu uns und singen Sie mit !\u00a0 &#8211;\u00a0 Jede Stimme ist willkommen<\/em> !&#8220;<\/p>\n<p>Dem Chor war auch ein von U. Nettelrodt gegr\u00fcndetes Akkordeonorchester angeschlossen, welches\u00a0nicht nur klassische Musik sondern auch\u00a0leichte und beschwingte Musik spielte.<\/p>\n","protected":false},"excerpt":{"rendered":"<p>Nach langj\u00e4hriger Arbeit hat sich zum Jahresende 2013 der gemischte Chor\u00a0aufgel\u00f6st. Der Chor hatte sich einst mit den Ch\u00f6ren aus Gro\u00df Escherde, Betheln und Nordstemmen zusammen geschlossen und bildete mit Ihnen bei bei zahlreichen \u00dcbungsabenden und Konzerten\u00a0die Chorgemeinschaft Marineberg immer nach dem Motto &#8222;Kommen Sie zu uns und singen Sie mit !\u00a0 &#8211;\u00a0 Jede Stimme &hellip; <a href=\"https:\/\/wuelfingen.de\/wuelfingen\/gemischter-chor\/\" class=\"more-link\"><span class=\"screen-reader-text\">\u201eGemischter Chor\u201c<\/span> weiterlesen<\/a><\/p>\n","protected":false},"author":1,"featured_media":0,"parent":0,"menu_order":0,"comment_status":"closed","ping_status":"closed","template":"","meta":{"footnotes":""},"class_list":["post-84","page","type-page","status-publish","hentry"],"_links":{"self":[{"href":"https:\/\/wuelfingen.de\/wuelfingen\/wp-json\/wp\/v2\/pages\/84"}],"collection":[{"href":"https:\/\/wuelfingen.de\/wuelfingen\/wp-json\/wp\/v2\/pages"}],"about":[{"href":"https:\/\/wuelfingen.de\/wuelfingen\/wp-json\/wp\/v2\/types\/page"}],"author":[{"embeddable":true,"href":"https:\/\/wuelfingen.de\/wuelfingen\/wp-json\/wp\/v2\/users\/1"}],"replies":[{"embeddable":true,"href":"https:\/\/wuelfingen.de\/wuelfingen\/wp-json\/wp\/v2\/comments?post=84"}],"version-history":[{"count":0,"href":"https:\/\/wuelfingen.de\/wuelfingen\/wp-json\/wp\/v2\/pages\/84\/revisions"}],"wp:attachment":[{"href":"https:\/\/wuelfingen.de\/wuelfingen\/wp-json\/wp\/v2\/media?parent=84"}],"curies":[{"name":"wp","href":"https:\/\/api.w.org\/{rel}","templated":true}]}}