{"id":96,"date":"2012-11-29T19:57:44","date_gmt":"2012-11-29T18:57:44","guid":{"rendered":"http:\/\/wuelfingen.de\/?page_id=96"},"modified":"2012-11-29T19:57:44","modified_gmt":"2012-11-29T18:57:44","slug":"drk-ortsverein","status":"publish","type":"page","link":"https:\/\/wuelfingen.de\/wuelfingen\/drk-ortsverein\/","title":{"rendered":"DRK Ortsverein"},"content":{"rendered":"<p>Der DRK-Ortsverein W\u00fclfingen geh\u00f6rt zum Kreisverband Hannover-Land\/Springe e.V.<\/p>\n<p>Auszug aus dem Gr\u00fcndungsprotokoll des Ortsvereines W\u00fclfingen:<br \/>\nAm 20. Februar 1927 waren in der Marienkirche zu W\u00fclfingen 50 Personen zwecks Gr\u00fcndung des V\u00e4terlichen Frauenverein vom Roten Kreuz und zwecks Einrichtung einer Gemeindeschwesternstation f\u00fcr den Bezirk Adensen-Hallerburg und W\u00fclfingen erschienen.<br \/>\nNach Verlesung der Satzung wurde der Gr\u00fcndung zugestimmt.<br \/>\n1. Vorsitzende wurde Frau Albertine Oppermann.<br \/>\nAm 4. April 1927 wurde die Satzung vom Vorstand unterschrieben.<\/p>\n<p>In\u00a0vielen Jahrzehnten haben sich\u00a0die Ziele und Aufgaben ver\u00e4ndert, die Grunds\u00e4tze des DRK bleiben als Leitlinien des Handelns.<\/p>\n<ul>\n<li>Menschlichkeit<\/li>\n<li>Einheit<\/li>\n<li>Neutralit\u00e4t<\/li>\n<li>Freiwilligkeit<\/li>\n<li>Unabh\u00e4ngigkeit<\/li>\n<\/ul>\n<p>Infos gibts im Internet &#8211;\u00a0Blut nicht.<\/p>\n<p>Weitere Informationen und aktuelle Termine finden\u00a0Sie auf der eigenen\u00a0<a href=\"http:\/\/www.drk-w\u00fclfingen.de\" target=\"_blank\" rel=\"noopener\">Internetseite des DRK Ortsverein W\u00fclfingen<\/a>.<\/p>\n<hr \/>\n<p><b>Anstehende Termine\u00a0im W\u00fclfinger Veranstaltungskalender<\/b>:<\/p>\n<p><iframe loading=\"lazy\" style=\"border-width: 0;\" src=\"https:\/\/calendar.google.com\/calendar\/embed?showTitle=0&amp;showNav=0&amp;showDate=0&amp;showPrint=0&amp;showTabs=0&amp;showCalendars=0&amp;showTz=0&amp;mode=AGENDA&amp;height=600&amp;wkst=2&amp;bgcolor=%23FFFFFF&amp;src=5b2mldovdh58p98540cjqc622g%40group.calendar.google.com&amp;color=%23853104&amp;ctz=Europe%2FBerlin\" width=\"500\" height=\"500\" frameborder=\"0\" scrolling=\"no\"><\/iframe><\/p>\n","protected":false},"excerpt":{"rendered":"<p>Der DRK-Ortsverein W\u00fclfingen geh\u00f6rt zum Kreisverband Hannover-Land\/Springe e.V. Auszug aus dem Gr\u00fcndungsprotokoll des Ortsvereines W\u00fclfingen: Am 20. Februar 1927 waren in der Marienkirche zu W\u00fclfingen 50 Personen zwecks Gr\u00fcndung des V\u00e4terlichen Frauenverein vom Roten Kreuz und zwecks Einrichtung einer Gemeindeschwesternstation f\u00fcr den Bezirk Adensen-Hallerburg und W\u00fclfingen erschienen. Nach Verlesung der Satzung wurde der Gr\u00fcndung zugestimmt. &hellip; <a href=\"https:\/\/wuelfingen.de\/wuelfingen\/drk-ortsverein\/\" class=\"more-link\"><span class=\"screen-reader-text\">\u201eDRK Ortsverein\u201c<\/span> weiterlesen<\/a><\/p>\n","protected":false},"author":1,"featured_media":0,"parent":0,"menu_order":0,"comment_status":"closed","ping_status":"closed","template":"","meta":{"footnotes":""},"class_list":["post-96","page","type-page","status-publish","hentry"],"_links":{"self":[{"href":"https:\/\/wuelfingen.de\/wuelfingen\/wp-json\/wp\/v2\/pages\/96"}],"collection":[{"href":"https:\/\/wuelfingen.de\/wuelfingen\/wp-json\/wp\/v2\/pages"}],"about":[{"href":"https:\/\/wuelfingen.de\/wuelfingen\/wp-json\/wp\/v2\/types\/page"}],"author":[{"embeddable":true,"href":"https:\/\/wuelfingen.de\/wuelfingen\/wp-json\/wp\/v2\/users\/1"}],"replies":[{"embeddable":true,"href":"https:\/\/wuelfingen.de\/wuelfingen\/wp-json\/wp\/v2\/comments?post=96"}],"version-history":[{"count":0,"href":"https:\/\/wuelfingen.de\/wuelfingen\/wp-json\/wp\/v2\/pages\/96\/revisions"}],"wp:attachment":[{"href":"https:\/\/wuelfingen.de\/wuelfingen\/wp-json\/wp\/v2\/media?parent=96"}],"curies":[{"name":"wp","href":"https:\/\/api.w.org\/{rel}","templated":true}]}}